{"id":26,"date":"2016-12-05T09:20:03","date_gmt":"2016-12-05T09:20:03","guid":{"rendered":"https:\/\/demo.acmethemes.com\/mercantile\/home-2\/?page_id=26"},"modified":"2016-12-05T10:16:05","modified_gmt":"2016-12-05T10:16:05","slug":"free-home-delivery","status":"publish","type":"page","link":"https:\/\/demo.acmethemes.com\/mercantile\/home-2\/services\/free-home-delivery\/","title":{"rendered":"Free Home Delivery"},"content":{"rendered":"<p>Lorem Ipsum er rett og slett dummytekst fra og for trykkeindustrien. Lorem Ipsum har v\u00e6rt bransjens standard for dummytekst helt siden 1500-tallet, da en ukjent boktrykker stokket en mengde bokstaver for \u00e5 lage et pr\u00f8veeksemplar av en bok. Lorem Ipsum har t\u00e5lt tidens tann usedvanlig godt, og har i tillegg til \u00e5 best\u00e5 gjennom fem \u00e5rhundrer ogs\u00e5 t\u00e5lt spranget over til elektronisk typografi uten vesentlige endringer. Lorem Ipsum ble gjort allment kjent i 1960-\u00e5rene ved lanseringen av Letraset-ark med avsnitt fra Lorem Ipsum, og senere med sideombrekkingsprogrammet Aldus PageMaker som tok i bruk nettopp Lorem Ipsum for dummytekst.<\/p>\n<p>Lorem Ipsum er rett og slett dummytekst fra og for trykkeindustrien. Lorem Ipsum har v\u00e6rt bransjens standard for dummytekst helt siden 1500-tallet, da en ukjent boktrykker stokket en mengde bokstaver for \u00e5 lage et pr\u00f8veeksemplar av en bok. Lorem Ipsum har t\u00e5lt tidens tann usedvanlig godt, og har i tillegg til \u00e5 best\u00e5 gjennom fem \u00e5rhundrer ogs\u00e5 t\u00e5lt spranget over til elektronisk typografi uten vesentlige endringer. Lorem Ipsum ble gjort allment kjent i 1960-\u00e5rene ved lanseringen av Letraset-ark med avsnitt fra Lorem Ipsum, og senere med sideombrekkingsprogrammet Aldus PageMaker som tok i bruk nettopp Lorem Ipsum for dummytekst.<\/p>\n","protected":false},"excerpt":{"rendered":"<p>og senere med sideombrekkingsprogrammet Aldus PageMaker som tok i bruk nettopp Lorem Ipsum for dummytekst.<\/p>\n","protected":false},"author":1,"featured_media":27,"parent":21,"menu_order":0,"comment_status":"closed","ping_status":"closed","template":"","meta":{"footnotes":""},"_links":{"self":[{"href":"https:\/\/demo.acmethemes.com\/mercantile\/home-2\/wp-json\/wp\/v2\/pages\/26"}],"collection":[{"href":"https:\/\/demo.acmethemes.com\/mercantile\/home-2\/wp-json\/wp\/v2\/pages"}],"about":[{"href":"https:\/\/demo.acmethemes.com\/mercantile\/home-2\/wp-json\/wp\/v2\/types\/page"}],"author":[{"embeddable":true,"href":"https:\/\/demo.acmethemes.com\/mercantile\/home-2\/wp-json\/wp\/v2\/users\/1"}],"replies":[{"embeddable":true,"href":"https:\/\/demo.acmethemes.com\/mercantile\/home-2\/wp-json\/wp\/v2\/comments?post=26"}],"version-history":[{"count":2,"href":"https:\/\/demo.acmethemes.com\/mercantile\/home-2\/wp-json\/wp\/v2\/pages\/26\/revisions"}],"predecessor-version":[{"id":35,"href":"https:\/\/demo.acmethemes.com\/mercantile\/home-2\/wp-json\/wp\/v2\/pages\/26\/revisions\/35"}],"up":[{"embeddable":true,"href":"https:\/\/demo.acmethemes.com\/mercantile\/home-2\/wp-json\/wp\/v2\/pages\/21"}],"wp:featuredmedia":[{"embeddable":true,"href":"https:\/\/demo.acmethemes.com\/mercantile\/home-2\/wp-json\/wp\/v2\/media\/27"}],"wp:attachment":[{"href":"https:\/\/demo.acmethemes.com\/mercantile\/home-2\/wp-json\/wp\/v2\/media?parent=26"}],"curies":[{"name":"wp","href":"https:\/\/api.w.org\/{rel}","templated":true}]}}